{"id":145,"date":"2014-02-19T13:43:38","date_gmt":"2014-02-19T11:43:38","guid":{"rendered":"http:\/\/www.rauchmeldershop-online.de\/blog\/?page_id=145"},"modified":"2020-12-15T13:17:46","modified_gmt":"2020-12-15T11:17:46","slug":"faq","status":"publish","type":"page","link":"https:\/\/www.rauchmeldershop-online.de\/blog\/faq\/","title":{"rendered":"FAQ"},"content":{"rendered":"<h2>FAQ: Bandschutz, Sicherheitstechnik, Funktion &#038; Montage<\/h2>\n<p><strong>H\u00e4ufig gestellte Fragen und Antworten rund um Brandschutz, Sicherheitstechnik deren Montage und Funktion<\/strong><\/p>\n<p>Auf Grund unserer jahrelangen Erfahrung im Umgang, sowie Gebrauch von Rauchmeldern und Brandschutzartikeln, k\u00f6nnen wir nun auf ein gro\u00dfes Wissen und einen gro\u00dfen Erfahrungsschatz zur\u00fcckgreifen. Da wir gemerkt haben, dass viele Kunden nicht immer sicher im Umgang mit Rauchmeldern, Feuerl\u00f6schern oder anderen Brandschutzartikeln sind, haben wir bereits h\u00e4ufig gestellteste Fragen unserer Kunden aufgef\u00fchrt und f\u00fcr Sie beantwortet.<\/p>\n","protected":false},"excerpt":{"rendered":"<p>FAQ: Bandschutz, Sicherheitstechnik, Funktion &#038; Montage H\u00e4ufig gestellte Fragen und Antworten rund um Brandschutz, Sicherheitstechnik deren Montage und Funktion Auf Grund unserer jahrelangen Erfahrung im Umgang, sowie Gebrauch von Rauchmeldern und Brandschutzartikeln, k\u00f6nnen wir nun auf ein gro\u00dfes Wissen und einen gro\u00dfen Erfahrungsschatz zur\u00fcckgreifen. Da wir gemerkt haben, dass viele Kunden nicht immer sicher im [&hellip;]<\/p>\n","protected":false},"author":1,"featured_media":0,"parent":0,"menu_order":0,"comment_status":"closed","ping_status":"closed","template":"page-faq.php","meta":{"sfsi_plus_gutenberg_text_before_share":"","sfsi_plus_gutenberg_show_text_before_share":"","sfsi_plus_gutenberg_icon_type":"","sfsi_plus_gutenberg_icon_alignemt":"","sfsi_plus_gutenburg_max_per_row":"","footnotes":""},"class_list":["post-145","page","type-page","status-publish","hentry"],"yoast_head":"<!-- This site is optimized with the Yoast SEO plugin v27.4 - https:\/\/yoast.com\/product\/yoast-seo-wordpress\/ -->\n<title>FAQ: Bandschutz, Sicherheitstechnik, Funktion &amp; Montage<\/title>\n<meta name=\"description\" content=\"H\u00e4ufig gestellte Fragen und Antworten rund um Brandschutz, Sicherheitstechnik, Funktion und Montage. Jetzt hier Informieren.\" \/>\n<meta name=\"robots\" content=\"index, follow, max-snippet:-1, max-image-preview:large, max-video-preview:-1\" \/>\n<link rel=\"canonical\" href=\"https:\/\/www.rauchmeldershop-online.de\/blog\/faq\/\" \/>\n<script type=\"application\/ld+json\" class=\"yoast-schema-graph\">{\"@context\":\"https:\\\/\\\/schema.org\",\"@graph\":[{\"@type\":\"WebPage\",\"@id\":\"https:\\\/\\\/www.rauchmeldershop-online.de\\\/blog\\\/faq\\\/\",\"url\":\"https:\\\/\\\/www.rauchmeldershop-online.de\\\/blog\\\/faq\\\/\",\"name\":\"FAQ: Bandschutz, Sicherheitstechnik, Funktion & Montage\",\"isPartOf\":{\"@id\":\"https:\\\/\\\/www.rauchmeldershop-online.de\\\/blog\\\/#website\"},\"datePublished\":\"2014-02-19T11:43:38+00:00\",\"dateModified\":\"2020-12-15T11:17:46+00:00\",\"description\":\"H\u00e4ufig gestellte Fragen und Antworten rund um Brandschutz, Sicherheitstechnik, Funktion und Montage. Jetzt hier Informieren.\",\"breadcrumb\":{\"@id\":\"https:\\\/\\\/www.rauchmeldershop-online.de\\\/blog\\\/faq\\\/#breadcrumb\"},\"inLanguage\":\"de\",\"potentialAction\":[{\"@type\":\"ReadAction\",\"target\":[\"https:\\\/\\\/www.rauchmeldershop-online.de\\\/blog\\\/faq\\\/\"]}]},{\"@type\":\"BreadcrumbList\",\"@id\":\"https:\\\/\\\/www.rauchmeldershop-online.de\\\/blog\\\/faq\\\/#breadcrumb\",\"itemListElement\":[{\"@type\":\"ListItem\",\"position\":1,\"name\":\"Blog\",\"item\":\"https:\\\/\\\/www.rauchmeldershop-online.de\\\/blog\\\/\"},{\"@type\":\"ListItem\",\"position\":2,\"name\":\"FAQ\"}]},{\"@type\":\"WebSite\",\"@id\":\"https:\\\/\\\/www.rauchmeldershop-online.de\\\/blog\\\/#website\",\"url\":\"https:\\\/\\\/www.rauchmeldershop-online.de\\\/blog\\\/\",\"name\":\"RauchmelderShop\",\"description\":\"Safety Quality Systems Blog zum Thema Brandschutzma\u00dfnahmen\",\"potentialAction\":[{\"@type\":\"SearchAction\",\"target\":{\"@type\":\"EntryPoint\",\"urlTemplate\":\"https:\\\/\\\/www.rauchmeldershop-online.de\\\/blog\\\/?s={search_term_string}\"},\"query-input\":{\"@type\":\"PropertyValueSpecification\",\"valueRequired\":true,\"valueName\":\"search_term_string\"}}],\"inLanguage\":\"de\"}]}<\/script>\n<!-- \/ Yoast SEO plugin. -->","yoast_head_json":{"title":"FAQ: Bandschutz, Sicherheitstechnik, Funktion & Montage","description":"H\u00e4ufig gestellte Fragen und Antworten rund um Brandschutz, Sicherheitstechnik, Funktion und Montage. Jetzt hier Informieren.","robots":{"index":"index","follow":"follow","max-snippet":"max-snippet:-1","max-image-preview":"max-image-preview:large","max-video-preview":"max-video-preview:-1"},"canonical":"https:\/\/www.rauchmeldershop-online.de\/blog\/faq\/","schema":{"@context":"https:\/\/schema.org","@graph":[{"@type":"WebPage","@id":"https:\/\/www.rauchmeldershop-online.de\/blog\/faq\/","url":"https:\/\/www.rauchmeldershop-online.de\/blog\/faq\/","name":"FAQ: Bandschutz, Sicherheitstechnik, Funktion & Montage","isPartOf":{"@id":"https:\/\/www.rauchmeldershop-online.de\/blog\/#website"},"datePublished":"2014-02-19T11:43:38+00:00","dateModified":"2020-12-15T11:17:46+00:00","description":"H\u00e4ufig gestellte Fragen und Antworten rund um Brandschutz, Sicherheitstechnik, Funktion und Montage. Jetzt hier Informieren.","breadcrumb":{"@id":"https:\/\/www.rauchmeldershop-online.de\/blog\/faq\/#breadcrumb"},"inLanguage":"de","potentialAction":[{"@type":"ReadAction","target":["https:\/\/www.rauchmeldershop-online.de\/blog\/faq\/"]}]},{"@type":"BreadcrumbList","@id":"https:\/\/www.rauchmeldershop-online.de\/blog\/faq\/#breadcrumb","itemListElement":[{"@type":"ListItem","position":1,"name":"Blog","item":"https:\/\/www.rauchmeldershop-online.de\/blog\/"},{"@type":"ListItem","position":2,"name":"FAQ"}]},{"@type":"WebSite","@id":"https:\/\/www.rauchmeldershop-online.de\/blog\/#website","url":"https:\/\/www.rauchmeldershop-online.de\/blog\/","name":"RauchmelderShop","description":"Safety Quality Systems Blog zum Thema Brandschutzma\u00dfnahmen","potentialAction":[{"@type":"SearchAction","target":{"@type":"EntryPoint","urlTemplate":"https:\/\/www.rauchmeldershop-online.de\/blog\/?s={search_term_string}"},"query-input":{"@type":"PropertyValueSpecification","valueRequired":true,"valueName":"search_term_string"}}],"inLanguage":"de"}]}},"_links":{"self":[{"href":"https:\/\/www.rauchmeldershop-online.de\/blog\/wp-json\/wp\/v2\/pages\/145","targetHints":{"allow":["GET"]}}],"collection":[{"href":"https:\/\/www.rauchmeldershop-online.de\/blog\/wp-json\/wp\/v2\/pages"}],"about":[{"href":"https:\/\/www.rauchmeldershop-online.de\/blog\/wp-json\/wp\/v2\/types\/page"}],"author":[{"embeddable":true,"href":"https:\/\/www.rauchmeldershop-online.de\/blog\/wp-json\/wp\/v2\/users\/1"}],"replies":[{"embeddable":true,"href":"https:\/\/www.rauchmeldershop-online.de\/blog\/wp-json\/wp\/v2\/comments?post=145"}],"version-history":[{"count":5,"href":"https:\/\/www.rauchmeldershop-online.de\/blog\/wp-json\/wp\/v2\/pages\/145\/revisions"}],"predecessor-version":[{"id":653,"href":"https:\/\/www.rauchmeldershop-online.de\/blog\/wp-json\/wp\/v2\/pages\/145\/revisions\/653"}],"wp:attachment":[{"href":"https:\/\/www.rauchmeldershop-online.de\/blog\/wp-json\/wp\/v2\/media?parent=145"}],"curies":[{"name":"wp","href":"https:\/\/api.w.org\/{rel}","templated":true}]}}